{"id":8831,"date":"2018-09-04T16:59:51","date_gmt":"2018-09-04T14:59:51","guid":{"rendered":"https:\/\/www.a-nova.ch\/nos-solutions\/"},"modified":"2019-03-27T16:28:12","modified_gmt":"2019-03-27T15:28:12","slug":"loesungen","status":"publish","type":"page","link":"https:\/\/www.a-nova.ch\/de\/loesungen\/","title":{"rendered":"L\u00f6sungen"},"content":{"rendered":"<div class=\"wpb-content-wrapper\"><p>[vc_row full_width=&#8221;stretch_row&#8221; equal_height=&#8221;yes&#8221; content_placement=&#8221;middle&#8221; css=&#8221;.vc_custom_1548925860756{padding-top: 20px !important;padding-bottom: 90px !important;}&#8221; el_id=&#8221;art_des_mandats&#8221;][vc_column][vc_row_inner][vc_column_inner]<header class=\"section-title section-title-red-underline align-center ra_section_title_69f60fbcd8649\" >\n\t<h2 class=\"title\">Art des Mandats<\/h2><hr><\/header>[\/vc_column_inner][\/vc_row_inner][vc_row_inner content_placement=&#8221;top&#8221; gap=&#8221;35&#8243;][vc_column_inner width=&#8221;1\/2&#8243;][vc_single_image image=&#8221;10001&#8243; img_size=&#8221;full&#8221;][\/vc_column_inner][vc_column_inner width=&#8221;1\/2&#8243;][vc_column_text]<\/p>\n<h3><span style=\"font-size: 18px;\">Flexibel und nach Ihren Bed\u00fcrfnissen<\/span><\/h3>\n<p>Wir unterscheiden zwischen:<\/p>\n<ul>\n<li>Gelegentlich oder auf Abruf<\/li>\n<li>Mit oder ohne Entscheidungsbefugnis<\/li>\n<\/ul>\n<h3><span style=\"font-size: 18px;\">Vier Arten von m\u00f6glichen Beitr\u00e4gen:<\/span><\/h3>\n<p>Je nach Ihren spezifischen Bed\u00fcrfnissen bestimmen Sie die Art des Mandats und die Rolle, die Sie einem unserer Manager zuweisen m\u00f6chten:<\/p>\n<ul>\n<li><b>Coach<\/b>: greift intermittierend ein, um zu unterst\u00fctzen, zu begleiten, zu inspirieren. Es bietet eine externe und neutrale Perspektive.<\/li>\n<li><b>Berater<\/b>: bietet ein \u00e4usseres Gutachten mit Empfehlungen. Er hat keine operative Befugnis.<\/li>\n<li><b>VR-Mitglied<\/b>: \u00fcbernimmt seine Verantwortung und aktive Rolle im Verwaltungsrat, die er regelm\u00e4ssig aus\u00fcbt.<\/li>\n<li><b>Interim Manager<\/b>: \u00fcbernimmt die Verantwortung f\u00fcr die Umsetzung des Vorhaben und hat damit eine aktive Funktion.<\/li>\n<\/ul>\n<p>[\/vc_column_text][\/vc_column_inner][\/vc_row_inner][\/vc_column][\/vc_row][vc_row full_width=&#8221;stretch_row&#8221; equal_height=&#8221;yes&#8221; css=&#8221;.vc_custom_1548925968004{padding-top: 5% !important;padding-bottom: 8% !important;background-color: #f7f7f7 !important;}&#8221; el_id=&#8221;interim_management&#8221;][vc_column]<header class=\"section-title section-title-red-underline align-center ra_section_title_69f60fbcd8928\" >\n\t<h2 class=\"title\">Interim Management<\/h2><hr><\/header>[vc_row_inner gap=&#8221;35&#8243;][vc_column_inner width=&#8221;1\/2&#8243;][vc_column_text css=&#8221;.vc_custom_1548858760476{margin-bottom: 30px !important;}&#8221;]\u201eExecutives on demand\u201c oder Interim Management entstand in 1970 in Europa.<\/p>\n<p>Es besteht darin, die Leitung eines Unternehmens, einer Abteilung, einer Tochtergesellschaft, einer operativen Einheit oder eines strategischen Projekts vor\u00fcbergehend einem externen Manager zu \u00fcbertragen, um eine Phase einer Transformation, Restrukturierung, Vakanz oder eines starken Wachstum zu initiieren oder umzusetzen.<\/p>\n<p>Der Interim Manager muss sofort in der Lage sein:<\/p>\n<ul>\n<li>Die <b>operative Verantwortung <\/b>f\u00fcr eine Position \u00fcbernehmen, die sich manchmal weiter \u00e4ndert, oft nach einer Underperformance oder w\u00e4hrend einer \u00c4nderung des Umfangs.<\/li>\n<li><b>Komplexe Situationen <\/b>zu l\u00f6sen, die relevante und unmittelbare Kompetenzen\/Erfahrung erfordern, die zum gegebenen Zeitpunkt intern nicht immer verf\u00fcgbar sind.<\/li>\n<li>Ein strategisches Projekt auch in seiner kritischsten Phase zu leiten: Die <b>Umsetzung<\/b>.<\/li>\n<\/ul>\n<p>Im Laufe der Zeit ist das Interim Management zu einem Referenzmanagement-Instrument geworden. Urspr\u00fcnglich sehr auf Krisenmanagement und Notsituationen fokussiert, hat es sich allm\u00e4hlich zu einem Ver\u00e4nderungs- und Wachstumsmanagement entwickelt. Heute ist es eine konkrete L\u00f6sung, um sich mit den vielen defensiven und offensiven Herausforderungen der Unternehmen auseinanderzusetzen.<\/p>\n<p>Durch die Schonung des Unternehmens von der Nutzung seiner Personalressourcen bis zur Ersch\u00f6pfung oder durch Investitionen in teilweise zuf\u00e4llige Rekrutierungen ist Interim Management die geeignete L\u00f6sung f\u00fcr den Umgang mit Situationen, die selbst vor\u00fcbergehend sind.[\/vc_column_text][\/vc_column_inner][vc_column_inner width=&#8221;1\/2&#8243;][vc_single_image image=&#8221;8548&#8243; img_size=&#8221;full&#8221; css=&#8221;.vc_custom_1550755463157{margin-left: 20px !important;}&#8221;][\/vc_column_inner][\/vc_row_inner][\/vc_column][\/vc_row][vc_row full_width=&#8221;stretch_row&#8221; gap=&#8221;30&#8243; equal_height=&#8221;yes&#8221; content_placement=&#8221;middle&#8221; css=&#8221;.vc_custom_1539703189151{padding-top: 5% !important;padding-bottom: 8% !important;}&#8221; el_id=&#8221;disponibilite_dexecution&#8221;][vc_column][vc_row_inner][vc_column_inner]<header class=\"section-title section-title-red-underline align-center ra_section_title_69f60fbcd8aff\" >\n\t<h2 class=\"title\">Interim Management: Alternative zur Rekrutierung<\/h2><hr><\/header>[\/vc_column_inner][\/vc_row_inner][vc_row_inner gap=&#8221;35&#8243;][vc_column_inner width=&#8221;1\/2&#8243;][vc_single_image image=&#8221;10004&#8243; img_size=&#8221;full&#8221;][vc_column_text css=&#8221;.vc_custom_1548858773895{margin-bottom: 30px !important;}&#8221;]<\/p>\n<ul>\n<li>Wie dringend ist ihr Vorhaben ?<\/li>\n<li>Wie lange brauchen Sie diese Ressourcen ?<\/li>\n<\/ul>\n<p>[\/vc_column_text][\/vc_column_inner][vc_column_inner width=&#8221;1\/2&#8243;][vc_column_text css=&#8221;.vc_custom_1550215237802{margin-bottom: 30px !important;}&#8221;]a-nova stellt Experten auf Anfrage, die sehr kurzfristig und f\u00fcr einen bestimmten Zeitraum zur Verf\u00fcgung stehen.<\/p>\n<h3><span style=\"font-size: 18px;\">Sofortige Verf\u00fcgbarkeit, befristet und schnelle Einf\u00fchrung<\/span><\/h3>\n<p>Der <b>Interim Manager <\/b>bringt sofort neue Energie in ihre dringenden oder zeitlich begrenzten Projekte ein. Er diagnostiziert die Situation und f\u00fchrt die notwendigen Massnahmen durch.<br \/>\nDer <b>Berater<\/b> bietet sofortige externe Unterst\u00fctzung. Als Experte auf seinem Gebiet, analysiert er die Situation und gibt Empfehlungen.<\/p>\n<h3><span style=\"font-size: 18px;\">Sp\u00e4tere Verf\u00fcgbarkeit, Schulung oder l\u00e4ngere Einf\u00fchrung<\/span><\/h3>\n<p>Im Gegensatz dazu \u00fcbernimmt ein <b>intern gef\u00f6rdertes Talent <\/b>neben seinen Aufgaben, oft neue Aufgaben und muss noch eine Ausbildung absolvieren.<\/p>\n<p>Die <b>externe Rekrutierung <\/b>impliziert eine Zeitspanne von mehreren Monaten in Kombination mit einer langen Immersionsphase.[\/vc_column_text][\/vc_column_inner][\/vc_row_inner][\/vc_column][\/vc_row][vc_row full_width=&#8221;stretch_row&#8221; gap=&#8221;30&#8243; equal_height=&#8221;yes&#8221; content_placement=&#8221;middle&#8221; css=&#8221;.vc_custom_1548926183379{padding-top: 20px !important;padding-bottom: 90px !important;background-color: #f7f7f7 !important;}&#8221; el_id=&#8221;hohere_wertschopfung&#8221;][vc_column][vc_row_inner][vc_column_inner]<header class=\"section-title section-title-red-underline align-center ra_section_title_69f60fbcd8cd8\" >\n\t<h2 class=\"title\">H\u00f6here Wertsch\u00f6pfung des Interim Managements<\/h2><hr><\/header>[\/vc_column_inner][\/vc_row_inner][vc_row_inner gap=&#8221;35&#8243;][vc_column_inner width=&#8221;1\/2&#8243;][vc_column_text css=&#8221;.vc_custom_1550756972494{margin-bottom: 30px !important;}&#8221;]Der Interim Manager handelt in strategischen Vorhaben (Krisen, Transformationen, starkes Wachstum, etc.)<\/p>\n<p>Sofort einsatzbereit, widmet er sich ganz der ihm anvertrauten Aufgabe und bringt dem Kunden konkrete Resultate.<\/p>\n<h3 style=\"margin-top: 0.2em !important;\"><span style=\"font-size: 18px;\">H\u00f6here Wertsch\u00f6pfung<\/span><\/h3>\n<ul style=\"margin-top: 0px;\">\n<li>Verf\u00fcgbar, effizient, schnell<\/li>\n<li>Umfangreiche Erfahrung und breites Netzwerk<\/li>\n<li>Andere Perspektiven und neue Optionen<\/li>\n<li>\u00dcberzeugende und schnelle Ergebnisse<\/li>\n<\/ul>\n<h3 style=\"margin-top: 0.2em !important;\"><span style=\"font-size: 18px;\">Kosten unter Kontrolle<\/span><\/h3>\n<ul style=\"margin-top: 0px;\">\n<li>Transparent, planbar<\/li>\n<li>Keine Rekrutierungs-\/Beendigungskosten<\/li>\n<\/ul>\n<p><a href=\"https:\/\/www.a-nova.ch\/de\/kontakt\/\"><i class=\"fa fa-long-arrow-right \" ><\/i> Kontaktieren Sie uns f\u00fcr weitere Informationen \u00fcber die tats\u00e4chlichen Kosten des Interim Managers <\/a><br \/>\n<em><span style=\"font-size: 10px;\">(tco \u2013 \u201ctotal cost of ownership\u201d)<\/span><\/em>[\/vc_column_text][\/vc_column_inner][vc_column_inner width=&#8221;1\/2&#8243;][vc_single_image image=&#8221;10007&#8243; img_size=&#8221;full&#8221; el_class=&#8221;graph_management_transition_plusvalues&#8221;][\/vc_column_inner][\/vc_row_inner][\/vc_column][\/vc_row][vc_row full_width=&#8221;stretch_row&#8221; equal_height=&#8221;yes&#8221; content_placement=&#8221;middle&#8221; css=&#8221;.vc_custom_1548926304085{padding-top: 20px !important;padding-bottom: 90px !important;}&#8221; el_id=&#8221;unser_ansatz&#8221;][vc_column][vc_row_inner][vc_column_inner]<header class=\"section-title section-title-red-underline align-center ra_section_title_69f60fbcd8f03\" >\n\t<h2 class=\"title\">Ein Mandat, drei Hauptakteure<\/h2><hr><\/header>[\/vc_column_inner][\/vc_row_inner][vc_row_inner content_placement=&#8221;top&#8221; gap=&#8221;35&#8243;][vc_column_inner width=&#8221;1\/2&#8243;][vc_single_image image=&#8221;10011&#8243; img_size=&#8221;400&#215;0&#8243; alignment=&#8221;center&#8221; image_max_width=&#8221;100%&#8221; el_class=&#8221;graph_management_transition_mission&#8221;][\/vc_column_inner][vc_column_inner width=&#8221;1\/2&#8243;][vc_column_text css=&#8221;.vc_custom_1550760943004{margin-bottom: 30px !important;}&#8221;]Der <b>Mandatsbetreuer<\/b> und der <b>Interim Manager <\/b>unterst\u00fctzen den <b>Kunden<\/b> w\u00e4hrend des gesamten Mandats<\/p>\n<p>Der <b>Mandatsbetreuer<\/b> <b style=\"font-style: italic;\">sorgt f\u00fcr vollen Erfolg des Mandats:<br \/>\n<\/b><\/p>\n<ul>\n<li>Vorgaben mit konkreten Zielen<\/li>\n<li>Vorschlag ad\u00e4quater Interim Manager (F\u00e4higkeiten und Werte)<\/li>\n<li>Wahl des Managers<\/li>\n<\/ul>\n<div class=\"missionRight\">\n<p>Der <b>Interim Manager <\/b><b style=\"font-style: italic;\">f\u00fchrt aus und realisiert die Ziele<\/b><\/p>\n<ul>\n<li>Diagnosen und Aktionsplan (10 Tage)<\/li>\n<li>Ausf\u00fchrung nach der BespokeTM-Methode<\/li>\n<li>Monatsberichte<\/li>\n<li>Beendigung und \u00dcbergabe<\/li>\n<\/ul>\n<\/div>\n<ul class=\"missionArrow\">\n<li>Begleitung und Unterst\u00fctzung<\/li>\n<li>Qualit\u00e4ts-und Planungsmonitoring, Schlussbilanz<\/li>\n<li>Feedback, Kundenzufriedenheit<\/li>\n<\/ul>\n<p>[\/vc_column_text][\/vc_column_inner][\/vc_row_inner][\/vc_column][\/vc_row][vc_row full_width=&#8221;stretch_row&#8221; gap=&#8221;30&#8243; equal_height=&#8221;yes&#8221; content_placement=&#8221;middle&#8221; disable_element=&#8221;yes&#8221; css=&#8221;.vc_custom_1539755855380{padding-top: 20px !important;padding-bottom: 90px !important;background-color: #f7f7f7 !important;}&#8221; el_id=&#8221;notre_approche&#8221;][vc_column width=&#8221;1\/2&#8243;]<header class=\"section-title section-title-red-underline align-center ra_section_title_69f60fbcd90d1\" >\n\t<h2 class=\"title\">notre approche et suivi<\/h2><hr><\/header>[vc_column_text css=&#8221;.vc_custom_1539704029528{margin-bottom: 30px !important;}&#8221;]avec le client: <strong>\u00e9coute et restitution<\/strong><\/p>\n<ul>\n<li>d\u00e9finir le profil et l\u2019environnement<\/li>\n<li>fixer les objectifs et jalons<\/li>\n<li>clore avec un questionnaire de satisfaction<\/li>\n<\/ul>\n<p>&nbsp;<\/p>\n<p>directeur de mission: <strong>assurer le plein succ\u00e8s<\/strong><\/p>\n<ul>\n<li>diagnostique<\/li>\n<li>\u00e9tablir un plan d\u2019actions pr\u00e9liminaire<\/li>\n<li>suivi de l\u2019\u00e9volution<\/li>\n<\/ul>\n<p>&nbsp;<\/p>\n<p>ex\u00e9cutive sur demande:\u00a0 <strong>ex\u00e9cuter et r\u00e9aliser les objectifs<\/strong><\/p>\n<ul>\n<li>\u00e9quation des comp\u00e9tences et valeurs<\/li>\n<li>ex\u00e9cution avec le soutien de la m\u00e9thodologie bespokeTM<\/li>\n<li>rapports mensuels<\/li>\n<\/ul>\n<p>[\/vc_column_text][\/vc_column][vc_column width=&#8221;1\/2&#8243;][vc_line_chart type=&#8221;line&#8221; style=&#8221;custom&#8221; x_values=&#8221;JAN; FEB; MAR; APR; MAY; JUN&#8221; values=&#8221;%5B%7B%22title%22%3A%22Boo%20Business%22%2C%22y_values%22%3A%2228%3B32%3B29%3B36%3B34%3B39%22%2C%22color%22%3A%22blue%22%2C%22custom_color%22%3A%22%232095d3%22%7D%2C%7B%22title%22%3A%22Others%22%2C%22y_values%22%3A%2215%3B13%3B22%3B18%3B23%3B16%22%2C%22color%22%3A%22pink%22%2C%22custom_color%22%3A%22%233b3e79%22%7D%5D&#8221; animation=&#8221;easeinOutQuint&#8221;][\/vc_column][\/vc_row]<\/p>\n<\/div>","protected":false},"excerpt":{"rendered":"<p>[vc_row full_width=&#8221;stretch_row&#8221; equal_height=&#8221;yes&#8221; content_placement=&#8221;middle&#8221; css=&#8221;.vc_custom_1548925860756{padding-top: 20px !important;padding-bottom: 90px !important;}&#8221; el_id=&#8221;art_des_mandats&#8221;][vc_column][vc_row_inner][vc_column_inner][\/vc_column_inner][\/vc_row_inner][vc_row_inner content_placement=&#8221;top&#8221; gap=&#8221;35&#8243;][vc_column_inner width=&#8221;1\/2&#8243;][vc_single_image image=&#8221;10001&#8243; img_size=&#8221;full&#8221;][\/vc_column_inner][vc_column_inner width=&#8221;1\/2&#8243;][vc_column_text] Flexibel und nach Ihren Bed\u00fcrfnissen Wir unterscheiden zwischen: Gelegentlich oder auf Abruf Mit oder ohne Entscheidungsbefugnis Vier Arten von m\u00f6glichen Beitr\u00e4gen: Je nach Ihren spezifischen Bed\u00fcrfnissen bestimmen Sie die Art des Mandats und die Rolle, die Sie einem unserer [&#8230;]<\/p>\n","protected":false},"author":3,"featured_media":0,"parent":0,"menu_order":3,"comment_status":"closed","ping_status":"closed","template":"","meta":{"inline_featured_image":false,"footnotes":""},"class_list":["post-8831","page","type-page","status-publish","hentry"],"yoast_head":"<!-- This site is optimized with the Yoast SEO plugin v27.5 - https:\/\/yoast.com\/product\/yoast-seo-wordpress\/ -->\n<title>L\u00f6sungen - a-nova<\/title>\n<meta name=\"description\" content=\"flexible et selon vos besoins nous diff\u00e9rencions entre une contribution ponctuelle ou \u00e0 la demande avec ou sans pouvoir d\u00e9cisionnel du manager\" \/>\n<meta name=\"robots\" content=\"index, follow, max-snippet:-1, max-image-preview:large, max-video-preview:-1\" \/>\n<link rel=\"canonical\" href=\"https:\/\/www.a-nova.ch\/de\/loesungen\/\" \/>\n<meta property=\"og:locale\" content=\"de_DE\" \/>\n<meta property=\"og:type\" content=\"article\" \/>\n<meta property=\"og:title\" content=\"L\u00f6sungen - a-nova\" \/>\n<meta property=\"og:description\" content=\"flexible et selon vos besoins nous diff\u00e9rencions entre une contribution ponctuelle ou \u00e0 la demande avec ou sans pouvoir d\u00e9cisionnel du manager\" \/>\n<meta property=\"og:url\" content=\"https:\/\/www.a-nova.ch\/de\/loesungen\/\" \/>\n<meta property=\"og:site_name\" content=\"a-nova\" \/>\n<meta property=\"article:modified_time\" content=\"2019-03-27T15:28:12+00:00\" \/>\n<meta name=\"twitter:card\" content=\"summary_large_image\" \/>\n<meta name=\"twitter:label1\" content=\"Gesch\u00e4tzte Lesezeit\" \/>\n\t<meta name=\"twitter:data1\" content=\"7\u00a0Minuten\" \/>\n<script type=\"application\/ld+json\" class=\"yoast-schema-graph\">{\"@context\":\"https:\\\/\\\/schema.org\",\"@graph\":[{\"@type\":\"WebPage\",\"@id\":\"https:\\\/\\\/www.a-nova.ch\\\/de\\\/loesungen\\\/\",\"url\":\"https:\\\/\\\/www.a-nova.ch\\\/de\\\/loesungen\\\/\",\"name\":\"L\u00f6sungen - a-nova\",\"isPartOf\":{\"@id\":\"https:\\\/\\\/www.a-nova.ch\\\/fr\\\/#website\"},\"datePublished\":\"2018-09-04T14:59:51+00:00\",\"dateModified\":\"2019-03-27T15:28:12+00:00\",\"description\":\"flexible et selon vos besoins nous diff\u00e9rencions entre une contribution ponctuelle ou \u00e0 la demande avec ou sans pouvoir d\u00e9cisionnel du manager\",\"breadcrumb\":{\"@id\":\"https:\\\/\\\/www.a-nova.ch\\\/de\\\/loesungen\\\/#breadcrumb\"},\"inLanguage\":\"de\",\"potentialAction\":[{\"@type\":\"ReadAction\",\"target\":[\"https:\\\/\\\/www.a-nova.ch\\\/de\\\/loesungen\\\/\"]}]},{\"@type\":\"BreadcrumbList\",\"@id\":\"https:\\\/\\\/www.a-nova.ch\\\/de\\\/loesungen\\\/#breadcrumb\",\"itemListElement\":[{\"@type\":\"ListItem\",\"position\":1,\"name\":\"Accueil\",\"item\":\"https:\\\/\\\/www.a-nova.ch\\\/de\\\/\"},{\"@type\":\"ListItem\",\"position\":2,\"name\":\"L\u00f6sungen\"}]},{\"@type\":\"WebSite\",\"@id\":\"https:\\\/\\\/www.a-nova.ch\\\/fr\\\/#website\",\"url\":\"https:\\\/\\\/www.a-nova.ch\\\/fr\\\/\",\"name\":\"a-nova\",\"description\":\"\",\"publisher\":{\"@id\":\"https:\\\/\\\/www.a-nova.ch\\\/fr\\\/#organization\"},\"potentialAction\":[{\"@type\":\"SearchAction\",\"target\":{\"@type\":\"EntryPoint\",\"urlTemplate\":\"https:\\\/\\\/www.a-nova.ch\\\/fr\\\/?s={search_term_string}\"},\"query-input\":{\"@type\":\"PropertyValueSpecification\",\"valueRequired\":true,\"valueName\":\"search_term_string\"}}],\"inLanguage\":\"de\"},{\"@type\":\"Organization\",\"@id\":\"https:\\\/\\\/www.a-nova.ch\\\/fr\\\/#organization\",\"name\":\"a-nova\",\"url\":\"https:\\\/\\\/www.a-nova.ch\\\/fr\\\/\",\"logo\":{\"@type\":\"ImageObject\",\"inLanguage\":\"de\",\"@id\":\"https:\\\/\\\/www.a-nova.ch\\\/fr\\\/#\\\/schema\\\/logo\\\/image\\\/\",\"url\":\"https:\\\/\\\/www.a-nova.ch\\\/wp-content\\\/uploads\\\/2018\\\/11\\\/a-nova_Logo_blue.png\",\"contentUrl\":\"https:\\\/\\\/www.a-nova.ch\\\/wp-content\\\/uploads\\\/2018\\\/11\\\/a-nova_Logo_blue.png\",\"width\":2277,\"height\":545,\"caption\":\"a-nova\"},\"image\":{\"@id\":\"https:\\\/\\\/www.a-nova.ch\\\/fr\\\/#\\\/schema\\\/logo\\\/image\\\/\"},\"sameAs\":[\"https:\\\/\\\/www.linkedin.com\\\/company\\\/a-nova\\\/\"]}]}<\/script>\n<!-- \/ Yoast SEO plugin. -->","yoast_head_json":{"title":"L\u00f6sungen - a-nova","description":"flexible et selon vos besoins nous diff\u00e9rencions entre une contribution ponctuelle ou \u00e0 la demande avec ou sans pouvoir d\u00e9cisionnel du manager","robots":{"index":"index","follow":"follow","max-snippet":"max-snippet:-1","max-image-preview":"max-image-preview:large","max-video-preview":"max-video-preview:-1"},"canonical":"https:\/\/www.a-nova.ch\/de\/loesungen\/","og_locale":"de_DE","og_type":"article","og_title":"L\u00f6sungen - a-nova","og_description":"flexible et selon vos besoins nous diff\u00e9rencions entre une contribution ponctuelle ou \u00e0 la demande avec ou sans pouvoir d\u00e9cisionnel du manager","og_url":"https:\/\/www.a-nova.ch\/de\/loesungen\/","og_site_name":"a-nova","article_modified_time":"2019-03-27T15:28:12+00:00","twitter_card":"summary_large_image","twitter_misc":{"Gesch\u00e4tzte Lesezeit":"7\u00a0Minuten"},"schema":{"@context":"https:\/\/schema.org","@graph":[{"@type":"WebPage","@id":"https:\/\/www.a-nova.ch\/de\/loesungen\/","url":"https:\/\/www.a-nova.ch\/de\/loesungen\/","name":"L\u00f6sungen - a-nova","isPartOf":{"@id":"https:\/\/www.a-nova.ch\/fr\/#website"},"datePublished":"2018-09-04T14:59:51+00:00","dateModified":"2019-03-27T15:28:12+00:00","description":"flexible et selon vos besoins nous diff\u00e9rencions entre une contribution ponctuelle ou \u00e0 la demande avec ou sans pouvoir d\u00e9cisionnel du manager","breadcrumb":{"@id":"https:\/\/www.a-nova.ch\/de\/loesungen\/#breadcrumb"},"inLanguage":"de","potentialAction":[{"@type":"ReadAction","target":["https:\/\/www.a-nova.ch\/de\/loesungen\/"]}]},{"@type":"BreadcrumbList","@id":"https:\/\/www.a-nova.ch\/de\/loesungen\/#breadcrumb","itemListElement":[{"@type":"ListItem","position":1,"name":"Accueil","item":"https:\/\/www.a-nova.ch\/de\/"},{"@type":"ListItem","position":2,"name":"L\u00f6sungen"}]},{"@type":"WebSite","@id":"https:\/\/www.a-nova.ch\/fr\/#website","url":"https:\/\/www.a-nova.ch\/fr\/","name":"a-nova","description":"","publisher":{"@id":"https:\/\/www.a-nova.ch\/fr\/#organization"},"potentialAction":[{"@type":"SearchAction","target":{"@type":"EntryPoint","urlTemplate":"https:\/\/www.a-nova.ch\/fr\/?s={search_term_string}"},"query-input":{"@type":"PropertyValueSpecification","valueRequired":true,"valueName":"search_term_string"}}],"inLanguage":"de"},{"@type":"Organization","@id":"https:\/\/www.a-nova.ch\/fr\/#organization","name":"a-nova","url":"https:\/\/www.a-nova.ch\/fr\/","logo":{"@type":"ImageObject","inLanguage":"de","@id":"https:\/\/www.a-nova.ch\/fr\/#\/schema\/logo\/image\/","url":"https:\/\/www.a-nova.ch\/wp-content\/uploads\/2018\/11\/a-nova_Logo_blue.png","contentUrl":"https:\/\/www.a-nova.ch\/wp-content\/uploads\/2018\/11\/a-nova_Logo_blue.png","width":2277,"height":545,"caption":"a-nova"},"image":{"@id":"https:\/\/www.a-nova.ch\/fr\/#\/schema\/logo\/image\/"},"sameAs":["https:\/\/www.linkedin.com\/company\/a-nova\/"]}]}},"_links":{"self":[{"href":"https:\/\/www.a-nova.ch\/de\/wp-json\/wp\/v2\/pages\/8831","targetHints":{"allow":["GET"]}}],"collection":[{"href":"https:\/\/www.a-nova.ch\/de\/wp-json\/wp\/v2\/pages"}],"about":[{"href":"https:\/\/www.a-nova.ch\/de\/wp-json\/wp\/v2\/types\/page"}],"author":[{"embeddable":true,"href":"https:\/\/www.a-nova.ch\/de\/wp-json\/wp\/v2\/users\/3"}],"replies":[{"embeddable":true,"href":"https:\/\/www.a-nova.ch\/de\/wp-json\/wp\/v2\/comments?post=8831"}],"version-history":[{"count":5,"href":"https:\/\/www.a-nova.ch\/de\/wp-json\/wp\/v2\/pages\/8831\/revisions"}],"predecessor-version":[{"id":10023,"href":"https:\/\/www.a-nova.ch\/de\/wp-json\/wp\/v2\/pages\/8831\/revisions\/10023"}],"wp:attachment":[{"href":"https:\/\/www.a-nova.ch\/de\/wp-json\/wp\/v2\/media?parent=8831"}],"curies":[{"name":"wp","href":"https:\/\/api.w.org\/{rel}","templated":true}]}}