{"id":8143,"date":"2018-09-04T17:00:24","date_gmt":"2018-09-04T15:00:24","guid":{"rendered":"http:\/\/anova.vnv.ch\/?page_id=8143"},"modified":"2019-03-14T12:15:58","modified_gmt":"2019-03-14T11:15:58","slug":"vos-besoins","status":"publish","type":"page","link":"https:\/\/www.a-nova.ch\/fr\/vos-besoins\/","title":{"rendered":"Vos besoins"},"content":{"rendered":"<div class=\"wpb-content-wrapper\"><p>[vc_row full_width=&#8221;stretch_row&#8221; content_placement=&#8221;top&#8221; css_animation=&#8221;none&#8221; css=&#8221;.vc_custom_1552554351077{margin-top: 0px !important;padding-top: 3% !important;padding-bottom: 3% !important;}&#8221;][vc_column]<header class=\"section-title section-title-red-underline align-center ra_section_title_6a05ae8bea03a vc_custom_1542185737239\" >\n\t<h2 class=\"title\">Le changement est une constante<\/h2><hr><\/header>[vc_row_inner content_placement=&#8221;top&#8221; gap=&#8221;35&#8243;][vc_column_inner width=&#8221;1\/2&#8243; align=&#8221;text-lg-left text-md-left text-sm-left text-xs-left&#8221;][vc_single_image image=&#8221;9866&#8243; img_size=&#8221;full&#8221; css=&#8221;.vc_custom_1552561719193{margin-left: 0% !important;}&#8221;][\/vc_column_inner][vc_column_inner width=&#8221;1\/2&#8243;][vc_column_text]Nous vivons dans une soci\u00e9t\u00e9 en <strong>perp\u00e9tuelle \u00e9volution<\/strong> et en plus tout <strong>s\u2019acc\u00e9l\u00e8re<\/strong>.<\/p>\n<p>La technologie est un fantastique moteur pour ces changements et tous les acteurs du march\u00e9 sont touch\u00e9s.<\/p>\n<p>Dans les entreprises l\u2019innovation n\u2019est pas que technologique mais surtout organisationnelle et humaine, les entreprises doivent sans cesse se r\u00e9inventer vers plus de modularit\u00e9 et d\u2019agilit\u00e9.<\/p>\n<p>La diversit\u00e9 et la complexit\u00e9 des projets augmentent sans cesse. Leurs r\u00e9alisations requi\u00e8rent souvent des ressources additionnelles et de nouvelles comp\u00e9tences sp\u00e9cifiques.[\/vc_column_text][\/vc_column_inner][\/vc_row_inner][\/vc_column][\/vc_row][vc_row full_width=&#8221;stretch_row&#8221; equal_height=&#8221;yes&#8221; content_placement=&#8221;top&#8221; css=&#8221;.vc_custom_1552487620276{padding-top: 3% !important;padding-bottom: 3% !important;background-color: #f9f9f9 !important;}&#8221; el_id=&#8221;renforcez_votre_equipe&#8221;][vc_column]<header class=\"section-title section-title-red-underline align-center ra_section_title_6a05ae8bea32b vc_custom_1552488632229\" >\n\t<h2 class=\"title\">Renforcez votre \u00e9quipe manag\u00e9riale<\/h2><hr><\/header>[vc_row_inner gap=&#8221;35&#8243; css=&#8221;.vc_custom_1552561062324{margin-top: 0px !important;}&#8221;][vc_column_inner width=&#8221;1\/2&#8243; align=&#8221;text-lg-left text-md-left text-sm-left text-xs-left&#8221;][vc_column_text css=&#8221;.vc_custom_1552487954286{margin-bottom: 30px !important;}&#8221;]Parce que vous ne disposez pas toujours des <b>capacit\u00e9s et comp\u00e9tences <\/b>n\u00e9cessaires, nos managers de transition interviennent <b>\u00e0 la demande<\/b>, en fonction de vos besoins, pour renforcer vos directions op\u00e9rationnelle, financi\u00e8re, strat\u00e9gique, informatique, technique.<\/p>\n<h3><span style=\"font-size: 21px;\">Les ressources manquantes<\/span><\/h3>\n<p>a-nova vous fournit les ressources qui vous manquent comme pour assurer un <b>relais<\/b>, conqu\u00e9rir un <b>nouveau march\u00e9 ou booster <\/b>votre activit\u00e9.<\/p>\n<p>Nos managers de transition sont les agents de votre changement.[\/vc_column_text][\/vc_column_inner][vc_column_inner width=&#8221;1\/2&#8243;][vc_single_image image=&#8221;9874&#8243; img_size=&#8221;full&#8221; alignment=&#8221;center&#8221;][\/vc_column_inner][\/vc_row_inner][\/vc_column][\/vc_row][vc_row full_width=&#8221;stretch_row&#8221; content_placement=&#8221;middle&#8221; css_animation=&#8221;none&#8221; css=&#8221;.vc_custom_1552488233194{margin-top: 0px !important;padding-top: 3% !important;padding-bottom: 3% !important;}&#8221; el_id=&#8221;maitrisez_vos_enjeux&#8221;][vc_column]<header class=\"section-title section-title-red-underline align-center ra_section_title_6a05ae8bea50c vc_custom_1539610327270\" >\n\t<h2 class=\"title\">ma\u00eetrisez vos enjeux d\u00e9fensifs et offensifs<\/h2><hr><\/header>[vc_column_text]<\/p>\n<p style=\"text-align: center;\">se r\u00e9ajuster sans cesse pour faire face aux contextes changeants ou simplement saisir une grande opportunit\u00e9 de croissance\u00a0 &#8211;\u00a0 a-nova contribue au succ\u00e8s de votre mouvement, pour tous vos enjeux d\u00e9fensifs et offensifs.<\/p>\n<p>[\/vc_column_text][vc_row_inner gap=&#8221;35&#8243; el_id=&#8221;iconBox&#8221;][vc_column_inner width=&#8221;1\/3&#8243; css=&#8221;.vc_custom_1540810061083{border-top-width: 12px !important;border-right-width: 12px !important;border-bottom-width: 12px !important;border-left-width: 12px !important;padding-top: 0px !important;padding-right: 0px !important;padding-left: 0px !important;background-color: #d6dce5 !important;border-left-color: #d6dce5 !important;border-left-style: solid !important;border-right-color: #d6dce5 !important;border-right-style: solid !important;border-top-color: #d6dce5 !important;border-top-style: solid !important;border-bottom-color: #d6dce5 !important;border-bottom-style: solid !important;border-radius: 4px !important;}&#8221;][vc_column_text css_animation=&#8221;none&#8221; css=&#8221;.vc_custom_1540810779990{margin-top: 0px !important;margin-bottom: 0px !important;background-color: #313f52 !important;}&#8221;]<\/p>\n<h3 style=\"text-align: center; color: #ffffff;\">D\u00e9fensifs<\/h3>\n<p>[\/vc_column_text]\n<div class=\"icon-box icon-middle icon-box-ci-alt icon-box-side icon-middle favnv ra_icon_box_6a05ae8bea72a vc_custom_1550734801701\"  id=\"ra_icon_box_6a05ae8bea72a\">\n\n\t\t<span class=\"icon-container\"><img decoding=\"async\" src=\"https:\/\/www.a-nova.ch\/wp-content\/uploads\/2018\/10\/remplacer.png\" alt=\"\" \/><\/span>\n\t\n\t<div class=\"contents\">\n\t\t\t\t<h3><\/h3>\t\t<h3>Remplacer<\/h3>\n<p>Indisponibilit\u00e9 soudaine,<br \/>\nrecrutement acc\u00e9l\u00e9r\u00e9<\/p>\n\t\t\t\t\n\t<\/div>\n<\/div>\n\n<div class=\"icon-box icon-middle icon-box-ci-alt icon-box-side icon-middle favnv ra_icon_box_6a05ae8beae35 vc_custom_1550734817439\"  id=\"ra_icon_box_6a05ae8beae35\">\n\n\t\t<span class=\"icon-container\"><img decoding=\"async\" src=\"https:\/\/www.a-nova.ch\/wp-content\/uploads\/2018\/10\/resoudre.png\" alt=\"\" \/><\/span>\n\t\n\t<div class=\"contents\">\n\t\t\t\t<h3><\/h3>\t\t<h3>R\u00e9soudre<\/h3>\n<p>Retournement,<br \/>\nrestructuration<\/p>\n\t\t\t\t\n\t<\/div>\n<\/div>\n\n<div class=\"icon-box icon-middle icon-box-ci-alt icon-box-side icon-middle favnv ra_icon_box_6a05ae8beb39f vc_custom_1550734855310\"  id=\"ra_icon_box_6a05ae8beb39f\">\n\n\t\t<span class=\"icon-container\"><img decoding=\"async\" src=\"https:\/\/www.a-nova.ch\/wp-content\/uploads\/2018\/10\/rationaliser.png\" alt=\"\" \/><\/span>\n\t\n\t<div class=\"contents\">\n\t\t\t\t<h3><\/h3>\t\t<h3>Rationnaliser<\/h3>\n<p>Cession\/vente d\u2019actifs,<br \/>\nfermeture de site<\/p>\n\t\t\t\t\n\t<\/div>\n<\/div>\n[\/vc_column_inner][vc_column_inner width=&#8221;1\/3&#8243; css=&#8221;.vc_custom_1540810270918{border-top-width: 12px !important;border-right-width: 12px !important;border-bottom-width: 12px !important;border-left-width: 12px !important;padding-top: 0px !important;padding-right: 0px !important;padding-left: 0px !important;background-color: #d6dce5 !important;border-left-color: #d6dce5 !important;border-left-style: solid !important;border-right-color: #d6dce5 !important;border-right-style: solid !important;border-top-color: #d6dce5 !important;border-top-style: solid !important;border-bottom-color: #d6dce5 !important;border-bottom-style: solid !important;border-radius: 4px !important;}&#8221;][vc_column_text css_animation=&#8221;none&#8221; css=&#8221;.vc_custom_1540810532150{margin-top: 0px !important;margin-bottom: 0px !important;background-color: #313f52 !important;}&#8221;]<\/p>\n<h3 style=\"text-align: center; color: #ffffff;\">Offensifs &#8211; actifs<\/h3>\n<p>[\/vc_column_text]\n<div class=\"icon-box icon-middle icon-box-ci-alt icon-box-side icon-middle favnv ra_icon_box_6a05ae8beb8f5 vc_custom_1550734875581\"  id=\"ra_icon_box_6a05ae8beb8f5\">\n\n\t\t<span class=\"icon-container\"><img decoding=\"async\" src=\"https:\/\/www.a-nova.ch\/wp-content\/uploads\/2018\/10\/croitre.png\" alt=\"\" \/><\/span>\n\t\n\t<div class=\"contents\">\n\t\t\t\t<h3><\/h3>\t\t<h3>Cro\u00eetre<\/h3>\n<p>Nouveaux march\u00e9s,<br \/>\nactivit\u00e9s, distribution<\/p>\n\t\t\t\t\n\t<\/div>\n<\/div>\n\n<div class=\"icon-box icon-middle icon-box-ci-alt icon-box-side icon-middle favnv ra_icon_box_6a05ae8bebe12 vc_custom_1550734923693\"  id=\"ra_icon_box_6a05ae8bebe12\">\n\n\t\t<span class=\"icon-container\"><img decoding=\"async\" src=\"https:\/\/www.a-nova.ch\/wp-content\/uploads\/2018\/10\/booster.png\" alt=\"\" \/><\/span>\n\t\n\t<div class=\"contents\">\n\t\t\t\t<h3><\/h3>\t\t<h3>Booster<\/h3>\n<p>Optimisation op\u00e9rationnelle,<br \/>\nnum\u00e9risation, culture<\/p>\n\t\t\t\t\n\t<\/div>\n<\/div>\n\n<div class=\"icon-box icon-middle icon-box-ci-alt icon-box-side icon-middle favnv ra_icon_box_6a05ae8bec347 vc_custom_1550734942030\"  id=\"ra_icon_box_6a05ae8bec347\">\n\n\t\t<span class=\"icon-container\"><img decoding=\"async\" src=\"https:\/\/www.a-nova.ch\/wp-content\/uploads\/2018\/10\/reinventer.png\" alt=\"\" \/><\/span>\n\t\n\t<div class=\"contents\">\n\t\t\t\t<h3><\/h3>\t\t<h3>R\u00e9inventer<\/h3>\n<p>Business mod\u00e8le, M&amp;A,<br \/>\ninnovation, externalisation<\/p>\n\t\t\t\t\n\t<\/div>\n<\/div>\n[\/vc_column_inner][vc_column_inner width=&#8221;1\/3&#8243; css=&#8221;.vc_custom_1540810476941{border-top-width: 12px !important;border-right-width: 12px !important;border-bottom-width: 12px !important;border-left-width: 12px !important;padding-top: 0px !important;padding-right: 0px !important;padding-left: 0px !important;background-color: #d6dce5 !important;border-left-color: #d6dce5 !important;border-left-style: solid !important;border-right-color: #d6dce5 !important;border-right-style: solid !important;border-top-color: #d6dce5 !important;border-top-style: solid !important;border-bottom-color: #d6dce5 !important;border-bottom-style: solid !important;border-radius: 4px !important;}&#8221;][vc_column_text css_animation=&#8221;none&#8221; css=&#8221;.vc_custom_1550166904117{margin-top: 0px !important;margin-bottom: 0px !important;background-color: #313f52 !important;}&#8221;]<\/p>\n<h3 style=\"text-align: center; color: #ffffff;\">Offensifs\u00a0&#8211; proactifs<\/h3>\n<p>[\/vc_column_text]\n<div class=\"icon-box icon-middle icon-box-ci-alt icon-box-side icon-middle favnv ra_icon_box_6a05ae8bec89a vc_custom_1550735029274\"  id=\"ra_icon_box_6a05ae8bec89a\">\n\n\t\t<span class=\"icon-container\"><img decoding=\"async\" src=\"https:\/\/www.a-nova.ch\/wp-content\/uploads\/2018\/10\/anticiper.png\" alt=\"\" \/><\/span>\n\t\n\t<div class=\"contents\">\n\t\t\t\t<h3><\/h3>\t\t<h3>Anticiper<\/h3>\n<p>Audit, revue strat\u00e9gie\/<br \/>\norganisation, inspiration<\/p>\n\t\t\t\t\n\t<\/div>\n<\/div>\n\n<div class=\"icon-box icon-middle icon-box-ci-alt icon-box-side icon-middle favnv ra_icon_box_6a05ae8bece65 vc_custom_1550735073031\"  id=\"ra_icon_box_6a05ae8bece65\">\n\n\t\t<span class=\"icon-container\"><img decoding=\"async\" src=\"https:\/\/www.a-nova.ch\/wp-content\/uploads\/2018\/10\/leader.png\" alt=\"\" \/><\/span>\n\t\n\t<div class=\"contents\">\n\t\t\t\t<h3><\/h3>\t\t<h3>\u00catre meilleur leader<\/h3>\n<p>Coaching, accompagnement<br \/>\npersonnalis\u00e9, r\u00e9seau<\/p>\n\t\t\t\t\n\t<\/div>\n<\/div>\n\n<div class=\"icon-box icon-middle icon-box-ci-alt icon-box-side icon-middle favnv sign ra_icon_box_6a05ae8bed3c6 vc_custom_1550735081707\"  id=\"ra_icon_box_6a05ae8bed3c6\">\n\n\t\t<span class=\"icon-container\"><img decoding=\"async\" src=\"https:\/\/www.a-nova.ch\/wp-content\/uploads\/2018\/10\/sortir.png\" alt=\"\" \/><\/span>\n\t\n\t<div class=\"contents\">\n\t\t\t\t<h3><\/h3>\t\t<h3>Sortir<\/h3>\n<p>Succession, vente<br \/>\nMBO\/MBI\/IBO\/\u2026<\/p>\n\t\t\t\t\n\t<\/div>\n<\/div>\n[\/vc_column_inner][\/vc_row_inner][\/vc_column][\/vc_row]<\/p>\n<\/div>","protected":false},"excerpt":{"rendered":"<p>[vc_row full_width=&#8221;stretch_row&#8221; content_placement=&#8221;top&#8221; css_animation=&#8221;none&#8221; css=&#8221;.vc_custom_1552554351077{margin-top: 0px !important;padding-top: 3% !important;padding-bottom: 3% !important;}&#8221;][vc_column][vc_row_inner content_placement=&#8221;top&#8221; gap=&#8221;35&#8243;][vc_column_inner width=&#8221;1\/2&#8243; align=&#8221;text-lg-left text-md-left text-sm-left text-xs-left&#8221;][vc_single_image image=&#8221;9866&#8243; img_size=&#8221;full&#8221; css=&#8221;.vc_custom_1552561719193{margin-left: 0% !important;}&#8221;][\/vc_column_inner][vc_column_inner width=&#8221;1\/2&#8243;][vc_column_text]Nous vivons dans une soci\u00e9t\u00e9 en perp\u00e9tuelle \u00e9volution et en plus tout s\u2019acc\u00e9l\u00e8re. La technologie est un fantastique moteur pour ces changements et tous les acteurs du march\u00e9 sont touch\u00e9s. Dans les [&#8230;]<\/p>\n","protected":false},"author":3,"featured_media":0,"parent":0,"menu_order":2,"comment_status":"closed","ping_status":"closed","template":"","meta":{"inline_featured_image":false,"footnotes":""},"class_list":["post-8143","page","type-page","status-publish","hentry"],"yoast_head":"<!-- This site is optimized with the Yoast SEO plugin v27.6 - https:\/\/yoast.com\/product\/yoast-seo-wordpress\/ -->\n<title>Vos besoins - a-nova<\/title>\n<meta name=\"description\" content=\"Renforcez votre \u00e9quipe manag\u00e9riale gr\u00e2ce \u00e0 un manager de transition. Il vous apportera l\u2019exp\u00e9rience, les comp\u00e9tences et les capacit\u00e9s n\u00e9cessaires.\" \/>\n<meta name=\"robots\" content=\"index, follow, max-snippet:-1, max-image-preview:large, max-video-preview:-1\" \/>\n<link rel=\"canonical\" href=\"https:\/\/www.a-nova.ch\/fr\/vos-besoins\/\" \/>\n<meta property=\"og:locale\" content=\"fr_FR\" \/>\n<meta property=\"og:type\" content=\"article\" \/>\n<meta property=\"og:title\" content=\"Vos besoins - a-nova\" \/>\n<meta property=\"og:description\" content=\"Renforcez votre \u00e9quipe manag\u00e9riale gr\u00e2ce \u00e0 un manager de transition. Il vous apportera l\u2019exp\u00e9rience, les comp\u00e9tences et les capacit\u00e9s n\u00e9cessaires.\" \/>\n<meta property=\"og:url\" content=\"https:\/\/www.a-nova.ch\/fr\/vos-besoins\/\" \/>\n<meta property=\"og:site_name\" content=\"a-nova\" \/>\n<meta property=\"article:modified_time\" content=\"2019-03-14T11:15:58+00:00\" \/>\n<meta name=\"twitter:card\" content=\"summary_large_image\" \/>\n<meta name=\"twitter:label1\" content=\"Dur\u00e9e de lecture estim\u00e9e\" \/>\n\t<meta name=\"twitter:data1\" content=\"7 minutes\" \/>\n<script type=\"application\/ld+json\" class=\"yoast-schema-graph\">{\"@context\":\"https:\\\/\\\/schema.org\",\"@graph\":[{\"@type\":\"WebPage\",\"@id\":\"https:\\\/\\\/www.a-nova.ch\\\/fr\\\/vos-besoins\\\/\",\"url\":\"https:\\\/\\\/www.a-nova.ch\\\/fr\\\/vos-besoins\\\/\",\"name\":\"Vos besoins - a-nova\",\"isPartOf\":{\"@id\":\"https:\\\/\\\/www.a-nova.ch\\\/fr\\\/#website\"},\"datePublished\":\"2018-09-04T15:00:24+00:00\",\"dateModified\":\"2019-03-14T11:15:58+00:00\",\"description\":\"Renforcez votre \u00e9quipe manag\u00e9riale gr\u00e2ce \u00e0 un manager de transition. Il vous apportera l\u2019exp\u00e9rience, les comp\u00e9tences et les capacit\u00e9s n\u00e9cessaires.\",\"breadcrumb\":{\"@id\":\"https:\\\/\\\/www.a-nova.ch\\\/fr\\\/vos-besoins\\\/#breadcrumb\"},\"inLanguage\":\"fr-FR\",\"potentialAction\":[{\"@type\":\"ReadAction\",\"target\":[\"https:\\\/\\\/www.a-nova.ch\\\/fr\\\/vos-besoins\\\/\"]}]},{\"@type\":\"BreadcrumbList\",\"@id\":\"https:\\\/\\\/www.a-nova.ch\\\/fr\\\/vos-besoins\\\/#breadcrumb\",\"itemListElement\":[{\"@type\":\"ListItem\",\"position\":1,\"name\":\"Accueil\",\"item\":\"https:\\\/\\\/www.a-nova.ch\\\/fr\\\/\"},{\"@type\":\"ListItem\",\"position\":2,\"name\":\"Vos besoins\"}]},{\"@type\":\"WebSite\",\"@id\":\"https:\\\/\\\/www.a-nova.ch\\\/fr\\\/#website\",\"url\":\"https:\\\/\\\/www.a-nova.ch\\\/fr\\\/\",\"name\":\"a-nova\",\"description\":\"\",\"publisher\":{\"@id\":\"https:\\\/\\\/www.a-nova.ch\\\/fr\\\/#organization\"},\"potentialAction\":[{\"@type\":\"SearchAction\",\"target\":{\"@type\":\"EntryPoint\",\"urlTemplate\":\"https:\\\/\\\/www.a-nova.ch\\\/fr\\\/?s={search_term_string}\"},\"query-input\":{\"@type\":\"PropertyValueSpecification\",\"valueRequired\":true,\"valueName\":\"search_term_string\"}}],\"inLanguage\":\"fr-FR\"},{\"@type\":\"Organization\",\"@id\":\"https:\\\/\\\/www.a-nova.ch\\\/fr\\\/#organization\",\"name\":\"a-nova\",\"url\":\"https:\\\/\\\/www.a-nova.ch\\\/fr\\\/\",\"logo\":{\"@type\":\"ImageObject\",\"inLanguage\":\"fr-FR\",\"@id\":\"https:\\\/\\\/www.a-nova.ch\\\/fr\\\/#\\\/schema\\\/logo\\\/image\\\/\",\"url\":\"https:\\\/\\\/www.a-nova.ch\\\/wp-content\\\/uploads\\\/2018\\\/11\\\/a-nova_Logo_blue.png\",\"contentUrl\":\"https:\\\/\\\/www.a-nova.ch\\\/wp-content\\\/uploads\\\/2018\\\/11\\\/a-nova_Logo_blue.png\",\"width\":2277,\"height\":545,\"caption\":\"a-nova\"},\"image\":{\"@id\":\"https:\\\/\\\/www.a-nova.ch\\\/fr\\\/#\\\/schema\\\/logo\\\/image\\\/\"},\"sameAs\":[\"https:\\\/\\\/www.linkedin.com\\\/company\\\/a-nova\\\/\"]}]}<\/script>\n<!-- \/ Yoast SEO plugin. -->","yoast_head_json":{"title":"Vos besoins - a-nova","description":"Renforcez votre \u00e9quipe manag\u00e9riale gr\u00e2ce \u00e0 un manager de transition. Il vous apportera l\u2019exp\u00e9rience, les comp\u00e9tences et les capacit\u00e9s n\u00e9cessaires.","robots":{"index":"index","follow":"follow","max-snippet":"max-snippet:-1","max-image-preview":"max-image-preview:large","max-video-preview":"max-video-preview:-1"},"canonical":"https:\/\/www.a-nova.ch\/fr\/vos-besoins\/","og_locale":"fr_FR","og_type":"article","og_title":"Vos besoins - a-nova","og_description":"Renforcez votre \u00e9quipe manag\u00e9riale gr\u00e2ce \u00e0 un manager de transition. Il vous apportera l\u2019exp\u00e9rience, les comp\u00e9tences et les capacit\u00e9s n\u00e9cessaires.","og_url":"https:\/\/www.a-nova.ch\/fr\/vos-besoins\/","og_site_name":"a-nova","article_modified_time":"2019-03-14T11:15:58+00:00","twitter_card":"summary_large_image","twitter_misc":{"Dur\u00e9e de lecture estim\u00e9e":"7 minutes"},"schema":{"@context":"https:\/\/schema.org","@graph":[{"@type":"WebPage","@id":"https:\/\/www.a-nova.ch\/fr\/vos-besoins\/","url":"https:\/\/www.a-nova.ch\/fr\/vos-besoins\/","name":"Vos besoins - a-nova","isPartOf":{"@id":"https:\/\/www.a-nova.ch\/fr\/#website"},"datePublished":"2018-09-04T15:00:24+00:00","dateModified":"2019-03-14T11:15:58+00:00","description":"Renforcez votre \u00e9quipe manag\u00e9riale gr\u00e2ce \u00e0 un manager de transition. Il vous apportera l\u2019exp\u00e9rience, les comp\u00e9tences et les capacit\u00e9s n\u00e9cessaires.","breadcrumb":{"@id":"https:\/\/www.a-nova.ch\/fr\/vos-besoins\/#breadcrumb"},"inLanguage":"fr-FR","potentialAction":[{"@type":"ReadAction","target":["https:\/\/www.a-nova.ch\/fr\/vos-besoins\/"]}]},{"@type":"BreadcrumbList","@id":"https:\/\/www.a-nova.ch\/fr\/vos-besoins\/#breadcrumb","itemListElement":[{"@type":"ListItem","position":1,"name":"Accueil","item":"https:\/\/www.a-nova.ch\/fr\/"},{"@type":"ListItem","position":2,"name":"Vos besoins"}]},{"@type":"WebSite","@id":"https:\/\/www.a-nova.ch\/fr\/#website","url":"https:\/\/www.a-nova.ch\/fr\/","name":"a-nova","description":"","publisher":{"@id":"https:\/\/www.a-nova.ch\/fr\/#organization"},"potentialAction":[{"@type":"SearchAction","target":{"@type":"EntryPoint","urlTemplate":"https:\/\/www.a-nova.ch\/fr\/?s={search_term_string}"},"query-input":{"@type":"PropertyValueSpecification","valueRequired":true,"valueName":"search_term_string"}}],"inLanguage":"fr-FR"},{"@type":"Organization","@id":"https:\/\/www.a-nova.ch\/fr\/#organization","name":"a-nova","url":"https:\/\/www.a-nova.ch\/fr\/","logo":{"@type":"ImageObject","inLanguage":"fr-FR","@id":"https:\/\/www.a-nova.ch\/fr\/#\/schema\/logo\/image\/","url":"https:\/\/www.a-nova.ch\/wp-content\/uploads\/2018\/11\/a-nova_Logo_blue.png","contentUrl":"https:\/\/www.a-nova.ch\/wp-content\/uploads\/2018\/11\/a-nova_Logo_blue.png","width":2277,"height":545,"caption":"a-nova"},"image":{"@id":"https:\/\/www.a-nova.ch\/fr\/#\/schema\/logo\/image\/"},"sameAs":["https:\/\/www.linkedin.com\/company\/a-nova\/"]}]}},"_links":{"self":[{"href":"https:\/\/www.a-nova.ch\/fr\/wp-json\/wp\/v2\/pages\/8143","targetHints":{"allow":["GET"]}}],"collection":[{"href":"https:\/\/www.a-nova.ch\/fr\/wp-json\/wp\/v2\/pages"}],"about":[{"href":"https:\/\/www.a-nova.ch\/fr\/wp-json\/wp\/v2\/types\/page"}],"author":[{"embeddable":true,"href":"https:\/\/www.a-nova.ch\/fr\/wp-json\/wp\/v2\/users\/3"}],"replies":[{"embeddable":true,"href":"https:\/\/www.a-nova.ch\/fr\/wp-json\/wp\/v2\/comments?post=8143"}],"version-history":[{"count":5,"href":"https:\/\/www.a-nova.ch\/fr\/wp-json\/wp\/v2\/pages\/8143\/revisions"}],"predecessor-version":[{"id":9877,"href":"https:\/\/www.a-nova.ch\/fr\/wp-json\/wp\/v2\/pages\/8143\/revisions\/9877"}],"wp:attachment":[{"href":"https:\/\/www.a-nova.ch\/fr\/wp-json\/wp\/v2\/media?parent=8143"}],"curies":[{"name":"wp","href":"https:\/\/api.w.org\/{rel}","templated":true}]}}